{"id":8544,"date":"2022-12-29T16:51:57","date_gmt":"2022-12-29T16:51:57","guid":{"rendered":"https:\/\/beach-advisor.com\/ueber-beach-advisor\/"},"modified":"2023-03-16T14:28:15","modified_gmt":"2023-03-16T14:28:15","slug":"ueber-beach-advisor","status":"publish","type":"page","link":"https:\/\/beach-advisor.com\/de\/ueber-beach-advisor\/","title":{"rendered":"\u00dcber Beach Advisor"},"content":{"rendered":"\n<p>Hallo und herzlich willkommen bei The Beach Advisor. Wir sind ein leidenschaftliches Team von Strandliebhabern, das Ihnen helfen m\u00f6chte, Ihren perfekten Strand zu finden, und wir lieben es, unsere Tipps weiterzugeben &#8211; von den besten Unterk\u00fcnften und Restaurants an den K\u00fcsten Schottlands, Australiens und der \u00fcbrigen Welt bis hin zu den Dingen, die Sie f\u00fcr Ihre Reise einpacken sollten.<\/p>\n\n<p>Wir w\u00fcnschen Ihnen viel Spa\u00df beim St\u00f6bern auf unserer Website und hoffen, dass Sie einige aufregende neue Reiseziele entdecken, die Sie mit Ihren Freunden oder Ihrer Familie besuchen k\u00f6nnen!<\/p>\n\n<div id=\"ez-toc-container\" class=\"ez-toc-v2_0_76 counter-hierarchy ez-toc-counter ez-toc-grey ez-toc-container-direction\">\n<div class=\"ez-toc-title-container\">\n<p class=\"ez-toc-title\" style=\"cursor:inherit\">Table of Contents<\/p>\n<span class=\"ez-toc-title-toggle\"><a href=\"#\" class=\"ez-toc-pull-right ez-toc-btn ez-toc-btn-xs ez-toc-btn-default ez-toc-toggle\" aria-label=\"Toggle Table of Content\"><span class=\"ez-toc-js-icon-con\"><span class=\"\"><span class=\"eztoc-hide\" style=\"display:none;\">Toggle<\/span><span class=\"ez-toc-icon-toggle-span\"><svg style=\"fill: #999;color:#999\" xmlns=\"http:\/\/www.w3.org\/2000\/svg\" class=\"list-377408\" width=\"20px\" height=\"20px\" viewBox=\"0 0 24 24\" fill=\"none\"><path d=\"M6 6H4v2h2V6zm14 0H8v2h12V6zM4 11h2v2H4v-2zm16 0H8v2h12v-2zM4 16h2v2H4v-2zm16 0H8v2h12v-2z\" fill=\"currentColor\"><\/path><\/svg><svg style=\"fill: #999;color:#999\" class=\"arrow-unsorted-368013\" xmlns=\"http:\/\/www.w3.org\/2000\/svg\" width=\"10px\" height=\"10px\" viewBox=\"0 0 24 24\" version=\"1.2\" baseProfile=\"tiny\"><path d=\"M18.2 9.3l-6.2-6.3-6.2 6.3c-.2.2-.3.4-.3.7s.1.5.3.7c.2.2.4.3.7.3h11c.3 0 .5-.1.7-.3.2-.2.3-.5.3-.7s-.1-.5-.3-.7zM5.8 14.7l6.2 6.3 6.2-6.3c.2-.2.3-.5.3-.7s-.1-.5-.3-.7c-.2-.2-.4-.3-.7-.3h-11c-.3 0-.5.1-.7.3-.2.2-.3.5-.3.7s.1.5.3.7z\"\/><\/svg><\/span><\/span><\/span><\/a><\/span><\/div>\n<nav><ul class='ez-toc-list ez-toc-list-level-1 eztoc-toggle-hide-by-default' ><li class='ez-toc-page-1 ez-toc-heading-level-2'><a class=\"ez-toc-link ez-toc-heading-1\" href=\"https:\/\/beach-advisor.com\/de\/ueber-beach-advisor\/#Was_ist_ein_Strandratgeber\" >Was ist ein Strandratgeber<\/a><\/li><li class='ez-toc-page-1 ez-toc-heading-level-2'><a class=\"ez-toc-link ez-toc-heading-2\" href=\"https:\/\/beach-advisor.com\/de\/ueber-beach-advisor\/#Ueber_Beach_Advisor\" >\u00dcber Beach Advisor<\/a><\/li><li class='ez-toc-page-1 ez-toc-heading-level-2'><a class=\"ez-toc-link ez-toc-heading-3\" href=\"https:\/\/beach-advisor.com\/de\/ueber-beach-advisor\/#Ueber\" >\u00dcber<\/a><\/li><li class='ez-toc-page-1 ez-toc-heading-level-2'><a class=\"ez-toc-link ez-toc-heading-4\" href=\"https:\/\/beach-advisor.com\/de\/ueber-beach-advisor\/#Der_Strandfuehrer_ist_ein_Verzeichnis_der_Straende\" >Der Strandf\u00fchrer ist ein Verzeichnis der Str\u00e4nde.<\/a><\/li><li class='ez-toc-page-1 ez-toc-heading-level-2'><a class=\"ez-toc-link ez-toc-heading-5\" href=\"https:\/\/beach-advisor.com\/de\/ueber-beach-advisor\/#Treffen_Sie_das_Team\" >Treffen Sie das Team<\/a><\/li><li class='ez-toc-page-1 ez-toc-heading-level-2'><a class=\"ez-toc-link ez-toc-heading-6\" href=\"https:\/\/beach-advisor.com\/de\/ueber-beach-advisor\/#Dahinter_stecken_einige_Leute\" >Dahinter stecken einige Leute.<\/a><\/li><\/ul><\/nav><\/div>\n<h2 class=\"wp-block-heading\"><span class=\"ez-toc-section\" id=\"Was_ist_ein_Strandratgeber\"><\/span>Was ist ein Strandratgeber<span class=\"ez-toc-section-end\"><\/span><\/h2>\n\n<ul class=\"wp-block-list\">\n<li>Beach Advisor ist ein Verzeichnis von Str\u00e4nden.<\/li>\n\n\n\n<li>Beach Advisor ist eine Website.<\/li>\n\n\n\n<li>Beach Advisor ist eine Plattform, die kostenlose Informationen f\u00fcr die \u00d6ffentlichkeit und Unternehmen bereitstellt, indem sie diese miteinander verbindet und unsere eigenen Erfahrungen am Strand teilt.<\/li>\n\n\n\n<li>Beach Advisor ist auch eine Gemeinschaft, in der Menschen zusammenkommen und ihre Leidenschaft f\u00fcr den Strand in einer sicheren und freundlichen Umgebung teilen k\u00f6nnen!<\/li>\n<\/ul>\n\n<h2 class=\"wp-block-heading\"><span class=\"ez-toc-section\" id=\"Ueber_Beach_Advisor\"><\/span>\u00dcber Beach Advisor<span class=\"ez-toc-section-end\"><\/span><\/h2>\n\n<p>Diese Website ist ein Ratgeber f\u00fcr die Str\u00e4nde der Welt. Sie beschreibt und bewertet die besten Str\u00e4nde vom Indischen Ozean bis zur \u00c4g\u00e4is.<\/p>\n\n<p>Jeder Strand hat seine eigene Profilseite mit Bildern, Beschreibung und Kartenlinks.<\/p>\n\n<p>Diese Website wurde von zwei Freunden erstellt, die gerne Zeit am Strand verbringen.<\/p>\n\n<h2 class=\"wp-block-heading\"><span class=\"ez-toc-section\" id=\"Ueber\"><\/span>\u00dcber<span class=\"ez-toc-section-end\"><\/span><\/h2>\n\n<p>Wir sind der Beach Advisor! Wir sind eine Gruppe reisebegeisterter Menschen, die gerne neue Orte erkunden, und wir hatten das Gl\u00fcck, mehr als 60 L\u00e4nder auf der ganzen Welt zu besuchen. Wir sind immer auf der Suche nach neuen Str\u00e4nden und Inseln, die es zu besuchen gilt, und so finden Sie uns bei Wanderungen durch Regenw\u00e4lder, beim Klettern auf Berge und bei der Suche nach versteckten Lagunen.<\/p>\n\n<p>Wir haben diese Website eingerichtet, um unsere Erfahrungen mit anderen zu teilen &#8211; mit allen, die das Reisen genauso lieben wie wir! Egal, ob Sie Tipps f\u00fcr ein Reiseziel oder Ratschl\u00e4ge f\u00fcr sehenswerte Orte suchen, ob Sie Empfehlungen f\u00fcr Unterk\u00fcnfte oder Restaurants brauchen, ob Sie sich inspirieren lassen m\u00f6chten, wo auf der Welt Ihr n\u00e4chster Urlaub stattfinden soll &#8230; dann sind Sie bei Beach Guide genau richtig!<\/p>\n\n<p>Wir hoffen, dass diese Website Menschen auf der ganzen Welt inspirieren kann, die ihr n\u00e4chstes Abenteuer planen (und vergessen Sie nicht: Jede Reise beginnt mit einem Schritt).<\/p>\n\n<h2 class=\"wp-block-heading\"><span class=\"ez-toc-section\" id=\"Der_Strandfuehrer_ist_ein_Verzeichnis_der_Straende\"><\/span>Der Strandf\u00fchrer ist ein Verzeichnis der Str\u00e4nde.<span class=\"ez-toc-section-end\"><\/span><\/h2>\n\n<ul class=\"wp-block-list\">\n<li>Ihr Strandf\u00fchrer ist ein Verzeichnis von Str\u00e4nden, so dass Sie Str\u00e4nde nach Land, Region, Stadt oder Strandname finden k\u00f6nnen.<\/li>\n\n\n\n<li>Sobald Sie eine Kategorie und einen Ort ausgew\u00e4hlt haben, werden Ihnen alle Str\u00e4nde in diesem Gebiet angezeigt.<\/li>\n\n\n\n<li>Sie k\u00f6nnen auch nach bestimmten Str\u00e4nden suchen, indem Sie Schl\u00fcsselw\u00f6rter wie &#8222;Sandstrand&#8220; oder &#8222;Surfen&#8220; eingeben.<\/li>\n<\/ul>\n\n<h2 class=\"wp-block-heading\"><span class=\"ez-toc-section\" id=\"Treffen_Sie_das_Team\"><\/span>Treffen Sie das Team<span class=\"ez-toc-section-end\"><\/span><\/h2>\n\n<p>Das Team von Beach Guide besteht aus passionierten Strandliebhabern. Wir haben ein tiefes Verst\u00e4ndnis f\u00fcr die W\u00fcnsche der \u00d6ffentlichkeit, und unsere Aufgabe ist es, die besten Strandinformationen bereitzustellen, damit Sie eine unvergessliche Zeit am Strand verbringen k\u00f6nnen.<\/p>\n\n<p>Wenn Sie mehr \u00fcber uns erfahren m\u00f6chten, k\u00f6nnen Sie unsere Biografien unten lesen!<\/p>\n\n<ul class=\"wp-block-list\">\n<li><a href=\"https:\/\/beach-advisor.com\/author\/malonioutlook-com\/\" data-type=\"URL\" data-id=\"https:\/\/beach-advisor.com\/author\/malonioutlook-com\/\">Robert<\/a>begann schon in jungen Jahren mit Str\u00e4nden zu arbeiten, da sie in deren N\u00e4he aufwuchs. Sie h\u00e4tte nie gedacht, dass sie eines Tages \u00fcber sie schreiben w\u00fcrde!<\/li>\n\n\n\n<li>Cheryl hatte schon immer eine Leidenschaft f\u00fcr Str\u00e4nde und liebte es, sie als Kind zu besuchen. Jetzt genie\u00dft sie ihre Arbeit, indem sie anderen hilft, ihren perfekten Platz am Meer oder See zu finden!<\/li>\n<\/ul>\n\n<h2 class=\"wp-block-heading\"><span class=\"ez-toc-section\" id=\"Dahinter_stecken_einige_Leute\"><\/span>Dahinter stecken einige Leute.<span class=\"ez-toc-section-end\"><\/span><\/h2>\n\n<p>Dies ist ein Gemeinschaftsprojekt. Wir sind eine Gruppe von Menschen aus der ganzen Welt, die in ihrer Freizeit an diesem Berater arbeiten.<\/p>\n\n<p>Es gibt keinen Teamleiter oder etwas \u00c4hnliches. Wir alle wollen nur, dass dieses Projekt zum Leben erweckt wird und f\u00fcr alle Strandbesucher n\u00fctzlich ist!<\/p>\n\n<p>Wenn Sie irgendwelche Vorschl\u00e4ge oder R\u00fcckmeldungen haben, k\u00f6nnen Sie diese gerne in den Kommentaren unten hinterlassen!<\/p>\n\n<p><strong>Schlussfolgerung<\/strong><\/p>\n\n<p>Der Strandratgeber ist ein Verzeichnis von Str\u00e4nden. Dahinter stecken auch einige Leute!<\/p>\n","protected":false},"excerpt":{"rendered":"<p>Hallo und herzlich willkommen bei The Beach Advisor. Wir sind ein leidenschaftliches Team von Strandliebhabern, das Ihnen helfen m\u00f6chte, Ihren perfekten Strand zu finden, und wir lieben es, unsere Tipps weiterzugeben &#8211; von den besten Unterk\u00fcnften und Restaurants an den K\u00fcsten Schottlands, Australiens und der \u00fcbrigen Welt bis hin zu den Dingen, die Sie f\u00fcr [&hellip;]<\/p>\n","protected":false},"author":1,"featured_media":0,"parent":0,"menu_order":0,"comment_status":"closed","ping_status":"closed","template":"","meta":{"footnotes":""},"class_list":["post-8544","page","type-page","status-publish","hentry"],"_links":{"self":[{"href":"https:\/\/beach-advisor.com\/de\/wp-json\/wp\/v2\/pages\/8544","targetHints":{"allow":["GET"]}}],"collection":[{"href":"https:\/\/beach-advisor.com\/de\/wp-json\/wp\/v2\/pages"}],"about":[{"href":"https:\/\/beach-advisor.com\/de\/wp-json\/wp\/v2\/types\/page"}],"author":[{"embeddable":true,"href":"https:\/\/beach-advisor.com\/de\/wp-json\/wp\/v2\/users\/1"}],"replies":[{"embeddable":true,"href":"https:\/\/beach-advisor.com\/de\/wp-json\/wp\/v2\/comments?post=8544"}],"version-history":[{"count":1,"href":"https:\/\/beach-advisor.com\/de\/wp-json\/wp\/v2\/pages\/8544\/revisions"}],"predecessor-version":[{"id":8546,"href":"https:\/\/beach-advisor.com\/de\/wp-json\/wp\/v2\/pages\/8544\/revisions\/8546"}],"wp:attachment":[{"href":"https:\/\/beach-advisor.com\/de\/wp-json\/wp\/v2\/media?parent=8544"}],"curies":[{"name":"wp","href":"https:\/\/api.w.org\/{rel}","templated":true}]}}