{"id":8547,"date":"2022-12-29T16:51:57","date_gmt":"2022-12-29T16:51:57","guid":{"rendered":"https:\/\/beach-advisor.com\/acerca-de-beach-advisor\/"},"modified":"2023-03-16T14:28:24","modified_gmt":"2023-03-16T14:28:24","slug":"acerca-de-beach-advisor","status":"publish","type":"page","link":"https:\/\/beach-advisor.com\/es\/acerca-de-beach-advisor\/","title":{"rendered":"Acerca de Beach Advisor"},"content":{"rendered":"\n<p>Hola y bienvenido a The Beach Advisor. Somos un equipo apasionado de amantes de la playa que se dedica a ayudarle a encontrar su playa perfecta, y nos encanta compartir nuestros consejos sobre todo, desde los mejores lugares para alojarse y comer en las costas de Escocia, Australia y el resto del mundo, hasta lo que debe meter en la maleta para su viaje.<\/p>\n\n<p>Esperamos que disfrute navegando por nuestro sitio y descubra nuevos destinos interesantes para visitar con sus amigos o familiares.<\/p>\n\n<div id=\"ez-toc-container\" class=\"ez-toc-v2_0_76 counter-hierarchy ez-toc-counter ez-toc-grey ez-toc-container-direction\">\n<div class=\"ez-toc-title-container\">\n<p class=\"ez-toc-title\" style=\"cursor:inherit\">Table of Contents<\/p>\n<span class=\"ez-toc-title-toggle\"><a href=\"#\" class=\"ez-toc-pull-right ez-toc-btn ez-toc-btn-xs ez-toc-btn-default ez-toc-toggle\" aria-label=\"Alternar tabla de contenidos\"><span class=\"ez-toc-js-icon-con\"><span class=\"\"><span class=\"eztoc-hide\" style=\"display:none;\">Toggle<\/span><span class=\"ez-toc-icon-toggle-span\"><svg style=\"fill: #999;color:#999\" xmlns=\"http:\/\/www.w3.org\/2000\/svg\" class=\"list-377408\" width=\"20px\" height=\"20px\" viewBox=\"0 0 24 24\" fill=\"none\"><path d=\"M6 6H4v2h2V6zm14 0H8v2h12V6zM4 11h2v2H4v-2zm16 0H8v2h12v-2zM4 16h2v2H4v-2zm16 0H8v2h12v-2z\" fill=\"currentColor\"><\/path><\/svg><svg style=\"fill: #999;color:#999\" class=\"arrow-unsorted-368013\" xmlns=\"http:\/\/www.w3.org\/2000\/svg\" width=\"10px\" height=\"10px\" viewBox=\"0 0 24 24\" version=\"1.2\" baseProfile=\"tiny\"><path d=\"M18.2 9.3l-6.2-6.3-6.2 6.3c-.2.2-.3.4-.3.7s.1.5.3.7c.2.2.4.3.7.3h11c.3 0 .5-.1.7-.3.2-.2.3-.5.3-.7s-.1-.5-.3-.7zM5.8 14.7l6.2 6.3 6.2-6.3c.2-.2.3-.5.3-.7s-.1-.5-.3-.7c-.2-.2-.4-.3-.7-.3h-11c-.3 0-.5.1-.7.3-.2.2-.3.5-.3.7s.1.5.3.7z\"\/><\/svg><\/span><\/span><\/span><\/a><\/span><\/div>\n<nav><ul class='ez-toc-list ez-toc-list-level-1 eztoc-toggle-hide-by-default' ><li class='ez-toc-page-1 ez-toc-heading-level-2'><a class=\"ez-toc-link ez-toc-heading-1\" href=\"https:\/\/beach-advisor.com\/es\/acerca-de-beach-advisor\/#Que_es_el_asesor_de_playa\" >Qu\u00e9 es el asesor de playa<\/a><\/li><li class='ez-toc-page-1 ez-toc-heading-level-2'><a class=\"ez-toc-link ez-toc-heading-2\" href=\"https:\/\/beach-advisor.com\/es\/acerca-de-beach-advisor\/#Acerca_de_beach_advisor\" >Acerca de beach advisor<\/a><\/li><li class='ez-toc-page-1 ez-toc-heading-level-2'><a class=\"ez-toc-link ez-toc-heading-3\" href=\"https:\/\/beach-advisor.com\/es\/acerca-de-beach-advisor\/#Acerca_de\" >Acerca de<\/a><\/li><li class='ez-toc-page-1 ez-toc-heading-level-2'><a class=\"ez-toc-link ez-toc-heading-4\" href=\"https:\/\/beach-advisor.com\/es\/acerca-de-beach-advisor\/#La_guia_de_playas_es_un_directorio_de_playas\" >La gu\u00eda de playas es un directorio de playas.<\/a><\/li><li class='ez-toc-page-1 ez-toc-heading-level-2'><a class=\"ez-toc-link ez-toc-heading-5\" href=\"https:\/\/beach-advisor.com\/es\/acerca-de-beach-advisor\/#Conozca_al_equipo\" >Conozca al equipo<\/a><\/li><li class='ez-toc-page-1 ez-toc-heading-level-2'><a class=\"ez-toc-link ez-toc-heading-6\" href=\"https:\/\/beach-advisor.com\/es\/acerca-de-beach-advisor\/#Hay_algunas_personas_detras_de_esto\" >Hay algunas personas detr\u00e1s de esto.<\/a><\/li><\/ul><\/nav><\/div>\n<h2 class=\"wp-block-heading\"><span class=\"ez-toc-section\" id=\"Que_es_el_asesor_de_playa\"><\/span>Qu\u00e9 es el asesor de playa<span class=\"ez-toc-section-end\"><\/span><\/h2>\n\n<ul class=\"wp-block-list\">\n<li>Beach advisor es un directorio de playas.<\/li>\n\n\n\n<li>Beach advisor es un sitio web.<\/li>\n\n\n\n<li>Beach advisor es una plataforma que proporciona informaci\u00f3n gratuita al p\u00fablico y a las empresas poni\u00e9ndolos en contacto entre s\u00ed, adem\u00e1s de compartir nuestras propias experiencias en la playa.<\/li>\n\n\n\n<li>Beach Advisor es tambi\u00e9n una comunidad donde la gente puede reunirse y compartir su pasi\u00f3n por la playa en un entorno seguro y agradable.<\/li>\n<\/ul>\n\n<h2 class=\"wp-block-heading\"><span class=\"ez-toc-section\" id=\"Acerca_de_beach_advisor\"><\/span>Acerca de beach advisor<span class=\"ez-toc-section-end\"><\/span><\/h2>\n\n<p>Este sitio web es una gu\u00eda de las playas de todo el mundo. Describe y clasifica las mejores playas, desde el oc\u00e9ano \u00cdndico hasta los mares del Egeo.<\/p>\n\n<p>Cada playa tiene su propia p\u00e1gina de perfil, con im\u00e1genes, descripci\u00f3n y enlaces a mapas.<\/p>\n\n<p>Este sitio fue creado por dos amigos a los que les encanta pasar tiempo en la playa.<\/p>\n\n<h2 class=\"wp-block-heading\"><span class=\"ez-toc-section\" id=\"Acerca_de\"><\/span>Acerca de<span class=\"ez-toc-section-end\"><\/span><\/h2>\n\n<p>Somos el asesor de playas Somos un grupo de entusiastas de los viajes a los que nos encanta explorar nuevos lugares, y hemos tenido la suerte de visitar m\u00e1s de 60 pa\u00edses de todo el mundo. Siempre estamos a la caza de nuevas playas e islas que visitar, as\u00ed que nos encontrar\u00e1 caminando por selvas tropicales, escalando monta\u00f1as y buscando lagunas escondidas.<\/p>\n\n<p>Hemos creado este sitio web para compartir nuestras experiencias con otras personas a las que les guste viajar tanto como a nosotros. As\u00ed que si quiere consejos sobre d\u00f3nde ir o qu\u00e9 merece la pena ver all\u00ed; si necesita recomendaciones sobre alojamiento o restaurantes; si quiere un poco de inspiraci\u00f3n para saber en qu\u00e9 parte del mundo deber\u00edan estar sus pr\u00f3ximas vacaciones&#8230; \u00a1no busque m\u00e1s all\u00e1 de Beach Guide!<\/p>\n\n<p>Esperamos que este sitio sirva de inspiraci\u00f3n a quienes est\u00e9n planeando su pr\u00f3xima aventura (y no lo olviden: todo viaje comienza con un paso).<\/p>\n\n<h2 class=\"wp-block-heading\"><span class=\"ez-toc-section\" id=\"La_guia_de_playas_es_un_directorio_de_playas\"><\/span>La gu\u00eda de playas es un directorio de playas.<span class=\"ez-toc-section-end\"><\/span><\/h2>\n\n<ul class=\"wp-block-list\">\n<li>Tu gu\u00eda de playas es un directorio de playas, as\u00ed que puedes encontrar playas por pa\u00eds, regi\u00f3n, ciudad o nombre de playa.<\/li>\n\n\n\n<li>Una vez que haya seleccionado una categor\u00eda y una ubicaci\u00f3n, le mostrar\u00e1 todas las playas de esa zona.<\/li>\n\n\n\n<li>Tambi\u00e9n puede buscar playas concretas utilizando palabras clave como \u00abarena\u00bb o \u00absurf\u00bb.<\/li>\n<\/ul>\n\n<h2 class=\"wp-block-heading\"><span class=\"ez-toc-section\" id=\"Conozca_al_equipo\"><\/span>Conozca al equipo<span class=\"ez-toc-section-end\"><\/span><\/h2>\n\n<p>El equipo de Beach Guide est\u00e1 formado por apasionados de la playa. Tenemos un profundo conocimiento de lo que quiere el p\u00fablico, y nuestra misi\u00f3n es proporcionar la mejor informaci\u00f3n sobre la playa para ayudarle a pasar unos d\u00edas inolvidables en ella.<\/p>\n\n<p>Si quiere saber m\u00e1s sobre nosotros, lea nuestras biograf\u00edas a continuaci\u00f3n.<\/p>\n\n<ul class=\"wp-block-list\">\n<li><a href=\"https:\/\/beach-advisor.com\/author\/malonioutlook-com\/\" data-type=\"URL\" data-id=\"https:\/\/beach-advisor.com\/author\/malonioutlook-com\/\">Robert<\/a>empez\u00f3 a trabajar con playas cuando era joven, ya que creci\u00f3 cerca de ellas. Nunca pens\u00f3 que un d\u00eda escribir\u00eda sobre ellos.<\/li>\n\n\n\n<li>A Cheryl siempre le han apasionado las playas y le encantaba visitarlas cuando era ni\u00f1a. Ahora disfruta de su trabajo ayudando a otros a encontrar el lugar perfecto para pasar el tiempo junto al mar o el lago.<\/li>\n<\/ul>\n\n<h2 class=\"wp-block-heading\"><span class=\"ez-toc-section\" id=\"Hay_algunas_personas_detras_de_esto\"><\/span>Hay algunas personas detr\u00e1s de esto.<span class=\"ez-toc-section-end\"><\/span><\/h2>\n\n<p>Se trata de un proyecto comunitario. Somos un grupo de personas de todo el mundo que trabajan en este asesor en su tiempo libre.<\/p>\n\n<p>No hay jefe de equipo ni nada parecido. Todos deseamos que este proyecto se haga realidad y sea \u00fatil para los amantes de la playa de todo el mundo.<\/p>\n\n<p>Si tienes alguna sugerencia o comentario, \u00a1no dudes en dejarlo en la secci\u00f3n de comentarios m\u00e1s abajo!<\/p>\n\n<p><strong>Conclusi\u00f3n<\/strong><\/p>\n\n<p>El asesor de playas es un directorio de playas. \u00a1Tambi\u00e9n hay gente detr\u00e1s de esto!<\/p>\n","protected":false},"excerpt":{"rendered":"<p>Hola y bienvenido a The Beach Advisor. Somos un equipo apasionado de amantes de la playa que se dedica a ayudarle a encontrar su playa perfecta, y nos encanta compartir nuestros consejos sobre todo, desde los mejores lugares para alojarse y comer en las costas de Escocia, Australia y el resto del mundo, hasta lo [&hellip;]<\/p>\n","protected":false},"author":1,"featured_media":0,"parent":0,"menu_order":0,"comment_status":"closed","ping_status":"closed","template":"","meta":{"footnotes":""},"class_list":["post-8547","page","type-page","status-publish","hentry"],"_links":{"self":[{"href":"https:\/\/beach-advisor.com\/es\/wp-json\/wp\/v2\/pages\/8547","targetHints":{"allow":["GET"]}}],"collection":[{"href":"https:\/\/beach-advisor.com\/es\/wp-json\/wp\/v2\/pages"}],"about":[{"href":"https:\/\/beach-advisor.com\/es\/wp-json\/wp\/v2\/types\/page"}],"author":[{"embeddable":true,"href":"https:\/\/beach-advisor.com\/es\/wp-json\/wp\/v2\/users\/1"}],"replies":[{"embeddable":true,"href":"https:\/\/beach-advisor.com\/es\/wp-json\/wp\/v2\/comments?post=8547"}],"version-history":[{"count":1,"href":"https:\/\/beach-advisor.com\/es\/wp-json\/wp\/v2\/pages\/8547\/revisions"}],"predecessor-version":[{"id":8554,"href":"https:\/\/beach-advisor.com\/es\/wp-json\/wp\/v2\/pages\/8547\/revisions\/8554"}],"wp:attachment":[{"href":"https:\/\/beach-advisor.com\/es\/wp-json\/wp\/v2\/media?parent=8547"}],"curies":[{"name":"wp","href":"https:\/\/api.w.org\/{rel}","templated":true}]}}