{"id":8549,"date":"2022-12-29T16:51:57","date_gmt":"2022-12-29T16:51:57","guid":{"rendered":"https:\/\/beach-advisor.com\/a-propos-de-beach-advisor\/"},"modified":"2023-03-16T14:28:23","modified_gmt":"2023-03-16T14:28:23","slug":"a-propos-de-beach-advisor","status":"publish","type":"page","link":"https:\/\/beach-advisor.com\/fr\/a-propos-de-beach-advisor\/","title":{"rendered":"\u00c0 propos de Beach Advisor"},"content":{"rendered":"\n<p>Bonjour et bienvenue sur le site de The Beach Advisor. Nous sommes une \u00e9quipe de passionn\u00e9s de la plage qui s&rsquo;efforcent de vous aider \u00e0 trouver la plage id\u00e9ale, et nous adorons partager nos conseils sur tous les sujets, des meilleurs endroits o\u00f9 s\u00e9journer et manger le long des c\u00f4tes d&rsquo;\u00c9cosse, d&rsquo;Australie et du reste du monde \u00e0 ce qu&rsquo;il faut emporter pour votre voyage.<\/p>\n\n<p>Nous esp\u00e9rons que vous prendrez plaisir \u00e0 naviguer sur notre site et que vous d\u00e9couvrirez de nouvelles destinations passionnantes \u00e0 visiter avec vos amis ou votre famille !<\/p>\n\n<div id=\"ez-toc-container\" class=\"ez-toc-v2_0_76 counter-hierarchy ez-toc-counter ez-toc-grey ez-toc-container-direction\">\n<div class=\"ez-toc-title-container\">\n<p class=\"ez-toc-title\" style=\"cursor:inherit\">Table of Contents<\/p>\n<span class=\"ez-toc-title-toggle\"><a href=\"#\" class=\"ez-toc-pull-right ez-toc-btn ez-toc-btn-xs ez-toc-btn-default ez-toc-toggle\" aria-label=\"Toggle Table of Content\"><span class=\"ez-toc-js-icon-con\"><span class=\"\"><span class=\"eztoc-hide\" style=\"display:none;\">Toggle<\/span><span class=\"ez-toc-icon-toggle-span\"><svg style=\"fill: #999;color:#999\" xmlns=\"http:\/\/www.w3.org\/2000\/svg\" class=\"list-377408\" width=\"20px\" height=\"20px\" viewBox=\"0 0 24 24\" fill=\"none\"><path d=\"M6 6H4v2h2V6zm14 0H8v2h12V6zM4 11h2v2H4v-2zm16 0H8v2h12v-2zM4 16h2v2H4v-2zm16 0H8v2h12v-2z\" fill=\"currentColor\"><\/path><\/svg><svg style=\"fill: #999;color:#999\" class=\"arrow-unsorted-368013\" xmlns=\"http:\/\/www.w3.org\/2000\/svg\" width=\"10px\" height=\"10px\" viewBox=\"0 0 24 24\" version=\"1.2\" baseProfile=\"tiny\"><path d=\"M18.2 9.3l-6.2-6.3-6.2 6.3c-.2.2-.3.4-.3.7s.1.5.3.7c.2.2.4.3.7.3h11c.3 0 .5-.1.7-.3.2-.2.3-.5.3-.7s-.1-.5-.3-.7zM5.8 14.7l6.2 6.3 6.2-6.3c.2-.2.3-.5.3-.7s-.1-.5-.3-.7c-.2-.2-.4-.3-.7-.3h-11c-.3 0-.5.1-.7.3-.2.2-.3.5-.3.7s.1.5.3.7z\"\/><\/svg><\/span><\/span><\/span><\/a><\/span><\/div>\n<nav><ul class='ez-toc-list ez-toc-list-level-1 eztoc-toggle-hide-by-default' ><li class='ez-toc-page-1 ez-toc-heading-level-2'><a class=\"ez-toc-link ez-toc-heading-1\" href=\"https:\/\/beach-advisor.com\/fr\/a-propos-de-beach-advisor\/#Quest-ce_quun_conseiller_de_plage\" >Qu&rsquo;est-ce qu&rsquo;un conseiller de plage ?<\/a><\/li><li class='ez-toc-page-1 ez-toc-heading-level-2'><a class=\"ez-toc-link ez-toc-heading-2\" href=\"https:\/\/beach-advisor.com\/fr\/a-propos-de-beach-advisor\/#A_propos_du_conseiller_de_plage\" >A propos du conseiller de plage<\/a><\/li><li class='ez-toc-page-1 ez-toc-heading-level-2'><a class=\"ez-toc-link ez-toc-heading-3\" href=\"https:\/\/beach-advisor.com\/fr\/a-propos-de-beach-advisor\/#A_propos_de\" >\u00c0 propos de<\/a><\/li><li class='ez-toc-page-1 ez-toc-heading-level-2'><a class=\"ez-toc-link ez-toc-heading-4\" href=\"https:\/\/beach-advisor.com\/fr\/a-propos-de-beach-advisor\/#Le_guide_des_plages_est_un_repertoire_des_plages\" >Le guide des plages est un r\u00e9pertoire des plages.<\/a><\/li><li class='ez-toc-page-1 ez-toc-heading-level-2'><a class=\"ez-toc-link ez-toc-heading-5\" href=\"https:\/\/beach-advisor.com\/fr\/a-propos-de-beach-advisor\/#Rencontrez_lequipe\" >Rencontrez l&rsquo;\u00e9quipe<\/a><\/li><li class='ez-toc-page-1 ez-toc-heading-level-2'><a class=\"ez-toc-link ez-toc-heading-6\" href=\"https:\/\/beach-advisor.com\/fr\/a-propos-de-beach-advisor\/#Il_y_a_des_gens_derriere_tout_cela\" >Il y a des gens derri\u00e8re tout cela.<\/a><\/li><\/ul><\/nav><\/div>\n<h2 class=\"wp-block-heading\"><span class=\"ez-toc-section\" id=\"Quest-ce_quun_conseiller_de_plage\"><\/span>Qu&rsquo;est-ce qu&rsquo;un conseiller de plage ?<span class=\"ez-toc-section-end\"><\/span><\/h2>\n\n<ul class=\"wp-block-list\">\n<li>Beach advisor est un annuaire des plages.<\/li>\n\n\n\n<li>Beach advisor est un site web.<\/li>\n\n\n\n<li>Beach advisor est une plateforme qui fournit des informations gratuites au public et aux entreprises en les mettant en relation les uns avec les autres et en partageant nos propres exp\u00e9riences sur la plage.<\/li>\n\n\n\n<li>Beach advisor, c&rsquo;est aussi une communaut\u00e9 o\u00f9 l&rsquo;on peut se retrouver et partager sa passion de la plage dans un environnement s\u00fbr et convivial !<\/li>\n<\/ul>\n\n<h2 class=\"wp-block-heading\"><span class=\"ez-toc-section\" id=\"A_propos_du_conseiller_de_plage\"><\/span>A propos du conseiller de plage<span class=\"ez-toc-section-end\"><\/span><\/h2>\n\n<p>Ce site est un conseiller pour les plages du monde entier. Il d\u00e9crit et \u00e9value les meilleures plages, de l&rsquo;oc\u00e9an Indien aux mers \u00c9g\u00e9ennes.<\/p>\n\n<p>Chaque plage a sa propre page de profil, avec des images, une description et des liens vers des cartes.<\/p>\n\n<p>Ce site a \u00e9t\u00e9 cr\u00e9\u00e9 par deux amis qui aiment passer du temps \u00e0 la plage.<\/p>\n\n<h2 class=\"wp-block-heading\"><span class=\"ez-toc-section\" id=\"A_propos_de\"><\/span>\u00c0 propos de<span class=\"ez-toc-section-end\"><\/span><\/h2>\n\n<p>Nous sommes le conseiller en mati\u00e8re de plage ! Nous sommes un groupe de passionn\u00e9s de voyages qui adorent d\u00e9couvrir de nouveaux endroits, et nous avons eu la chance de visiter plus de 60 pays \u00e0 travers le monde. Nous sommes toujours \u00e0 la recherche de nouvelles plages et d&rsquo;\u00eeles \u00e0 visiter. Vous nous trouverez donc en train de parcourir des for\u00eats tropicales, d&rsquo;escalader des montagnes et de chercher des lagons cach\u00e9s.<\/p>\n\n<p>Nous avons cr\u00e9\u00e9 ce site web pour partager nos exp\u00e9riences avec d&rsquo;autres &#8211; tous ceux qui aiment voyager autant que nous ! Alors, que vous souhaitiez des conseils sur les endroits \u00e0 visiter ou sur ce qui vaut la peine d&rsquo;\u00eatre vu, que vous ayez besoin de recommandations en mati\u00e8re d&rsquo;h\u00e9bergement ou de restauration, que vous ayez envie de vous inspirer de l&rsquo;endroit o\u00f9 vous passerez vos prochaines vacances&#8230; ne cherchez pas plus loin que le Beach Guide !<\/p>\n\n<p>Nous esp\u00e9rons que ce site sera une source d&rsquo;inspiration pour tous ceux qui pr\u00e9parent leur prochaine aventure (et n&rsquo;oubliez pas : tout voyage commence par un pas).<\/p>\n\n<h2 class=\"wp-block-heading\"><span class=\"ez-toc-section\" id=\"Le_guide_des_plages_est_un_repertoire_des_plages\"><\/span>Le guide des plages est un r\u00e9pertoire des plages.<span class=\"ez-toc-section-end\"><\/span><\/h2>\n\n<ul class=\"wp-block-list\">\n<li>Votre guide des plages est un annuaire des plages. Vous pouvez donc trouver des plages par pays, par r\u00e9gion, par ville ou par nom de plage.<\/li>\n\n\n\n<li>Une fois que vous avez s\u00e9lectionn\u00e9 une cat\u00e9gorie et un lieu, l&rsquo;\u00e9cran affiche toutes les plages de cette zone.<\/li>\n\n\n\n<li>Vous pouvez \u00e9galement rechercher des plages sp\u00e9cifiques \u00e0 l&rsquo;aide de mots-cl\u00e9s tels que \u00ab\u00a0sable\u00a0\u00bb ou \u00ab\u00a0surf\u00a0\u00bb.<\/li>\n<\/ul>\n\n<h2 class=\"wp-block-heading\"><span class=\"ez-toc-section\" id=\"Rencontrez_lequipe\"><\/span>Rencontrez l&rsquo;\u00e9quipe<span class=\"ez-toc-section-end\"><\/span><\/h2>\n\n<p>L&rsquo;\u00e9quipe de Beach Guide est compos\u00e9e de passionn\u00e9s de plage. Nous comprenons parfaitement les attentes du public et notre mission est de fournir les meilleures informations sur les plages pour vous aider \u00e0 passer des moments inoubliables \u00e0 la plage.<\/p>\n\n<p>Si vous souhaitez en savoir plus sur nous, n&rsquo;h\u00e9sitez pas \u00e0 lire nos biographies ci-dessous !<\/p>\n\n<ul class=\"wp-block-list\">\n<li><a href=\"https:\/\/beach-advisor.com\/author\/malonioutlook-com\/\" data-type=\"URL\" data-id=\"https:\/\/beach-advisor.com\/author\/malonioutlook-com\/\">Robert<\/a>a commenc\u00e9 \u00e0 travailler avec les plages d\u00e8s son plus jeune \u00e2ge, car elle a grandi \u00e0 proximit\u00e9 de celles-ci. Elle n&rsquo;aurait jamais pens\u00e9 qu&rsquo;un jour elle \u00e9crirait sur eux !<\/li>\n\n\n\n<li>Cheryl a toujours eu une passion pour les plages et adorait s&rsquo;y rendre lorsqu&rsquo;elle \u00e9tait enfant. Elle appr\u00e9cie aujourd&rsquo;hui son travail qui consiste \u00e0 aider les autres \u00e0 trouver l&rsquo;endroit id\u00e9al pour passer du temps au bord de l&rsquo;oc\u00e9an ou d&rsquo;un lac !<\/li>\n<\/ul>\n\n<h2 class=\"wp-block-heading\"><span class=\"ez-toc-section\" id=\"Il_y_a_des_gens_derriere_tout_cela\"><\/span>Il y a des gens derri\u00e8re tout cela.<span class=\"ez-toc-section-end\"><\/span><\/h2>\n\n<p>Il s&rsquo;agit d&rsquo;un projet communautaire. Nous sommes un groupe de personnes du monde entier qui travaillent sur ce conseiller pendant leur temps libre.<\/p>\n\n<p>Il n&rsquo;y a pas de chef d&rsquo;\u00e9quipe, ni rien de tel. Nous voulons tous que ce projet prenne vie et qu&rsquo;il soit utile aux baigneurs du monde entier !<\/p>\n\n<p>Si vous avez des suggestions ou des commentaires, n&rsquo;h\u00e9sitez pas \u00e0 les laisser dans la section des commentaires ci-dessous !<\/p>\n\n<p><strong>Conclusion<\/strong><\/p>\n\n<p>Le conseiller plage est un r\u00e9pertoire des plages. Il y a aussi des gens derri\u00e8re tout \u00e7a !<\/p>\n","protected":false},"excerpt":{"rendered":"<p>Bonjour et bienvenue sur le site de The Beach Advisor. Nous sommes une \u00e9quipe de passionn\u00e9s de la plage qui s&rsquo;efforcent de vous aider \u00e0 trouver la plage id\u00e9ale, et nous adorons partager nos conseils sur tous les sujets, des meilleurs endroits o\u00f9 s\u00e9journer et manger le long des c\u00f4tes d&rsquo;\u00c9cosse, d&rsquo;Australie et du reste [&hellip;]<\/p>\n","protected":false},"author":1,"featured_media":0,"parent":0,"menu_order":0,"comment_status":"closed","ping_status":"closed","template":"","meta":{"footnotes":""},"class_list":["post-8549","page","type-page","status-publish","hentry"],"_links":{"self":[{"href":"https:\/\/beach-advisor.com\/fr\/wp-json\/wp\/v2\/pages\/8549","targetHints":{"allow":["GET"]}}],"collection":[{"href":"https:\/\/beach-advisor.com\/fr\/wp-json\/wp\/v2\/pages"}],"about":[{"href":"https:\/\/beach-advisor.com\/fr\/wp-json\/wp\/v2\/types\/page"}],"author":[{"embeddable":true,"href":"https:\/\/beach-advisor.com\/fr\/wp-json\/wp\/v2\/users\/1"}],"replies":[{"embeddable":true,"href":"https:\/\/beach-advisor.com\/fr\/wp-json\/wp\/v2\/comments?post=8549"}],"version-history":[{"count":1,"href":"https:\/\/beach-advisor.com\/fr\/wp-json\/wp\/v2\/pages\/8549\/revisions"}],"predecessor-version":[{"id":8552,"href":"https:\/\/beach-advisor.com\/fr\/wp-json\/wp\/v2\/pages\/8549\/revisions\/8552"}],"wp:attachment":[{"href":"https:\/\/beach-advisor.com\/fr\/wp-json\/wp\/v2\/media?parent=8549"}],"curies":[{"name":"wp","href":"https:\/\/api.w.org\/{rel}","templated":true}]}}