{"id":8516,"date":"2022-12-28T18:55:14","date_gmt":"2022-12-28T18:55:14","guid":{"rendered":"https:\/\/beach-advisor.com\/politica-de-privacidade\/"},"modified":"2023-03-16T14:27:54","modified_gmt":"2023-03-16T14:27:54","slug":"politica-de-privacidade","status":"publish","type":"page","link":"https:\/\/beach-advisor.com\/pt-pt\/politica-de-privacidade\/","title":{"rendered":"Pol\u00edtica de Privacidade"},"content":{"rendered":"\n<div id=\"ez-toc-container\" class=\"ez-toc-v2_0_76 counter-hierarchy ez-toc-counter ez-toc-grey ez-toc-container-direction\">\n<div class=\"ez-toc-title-container\">\n<p class=\"ez-toc-title\" style=\"cursor:inherit\">Table of Contents<\/p>\n<span class=\"ez-toc-title-toggle\"><a href=\"#\" class=\"ez-toc-pull-right ez-toc-btn ez-toc-btn-xs ez-toc-btn-default ez-toc-toggle\" aria-label=\"Toggle Table of Content\"><span class=\"ez-toc-js-icon-con\"><span class=\"\"><span class=\"eztoc-hide\" style=\"display:none;\">Toggle<\/span><span class=\"ez-toc-icon-toggle-span\"><svg style=\"fill: #999;color:#999\" xmlns=\"http:\/\/www.w3.org\/2000\/svg\" class=\"list-377408\" width=\"20px\" height=\"20px\" viewBox=\"0 0 24 24\" fill=\"none\"><path d=\"M6 6H4v2h2V6zm14 0H8v2h12V6zM4 11h2v2H4v-2zm16 0H8v2h12v-2zM4 16h2v2H4v-2zm16 0H8v2h12v-2z\" fill=\"currentColor\"><\/path><\/svg><svg style=\"fill: #999;color:#999\" class=\"arrow-unsorted-368013\" xmlns=\"http:\/\/www.w3.org\/2000\/svg\" width=\"10px\" height=\"10px\" viewBox=\"0 0 24 24\" version=\"1.2\" baseProfile=\"tiny\"><path d=\"M18.2 9.3l-6.2-6.3-6.2 6.3c-.2.2-.3.4-.3.7s.1.5.3.7c.2.2.4.3.7.3h11c.3 0 .5-.1.7-.3.2-.2.3-.5.3-.7s-.1-.5-.3-.7zM5.8 14.7l6.2 6.3 6.2-6.3c.2-.2.3-.5.3-.7s-.1-.5-.3-.7c-.2-.2-.4-.3-.7-.3h-11c-.3 0-.5.1-.7.3-.2.2-.3.5-.3.7s.1.5.3.7z\"\/><\/svg><\/span><\/span><\/span><\/a><\/span><\/div>\n<nav><ul class='ez-toc-list ez-toc-list-level-1 eztoc-toggle-hide-by-default' ><li class='ez-toc-page-1 ez-toc-heading-level-2'><a class=\"ez-toc-link ez-toc-heading-1\" href=\"https:\/\/beach-advisor.com\/pt-pt\/politica-de-privacidade\/#Quem_somos_nos\" >Quem somos n\u00f3s<\/a><\/li><li class='ez-toc-page-1 ez-toc-heading-level-2'><a class=\"ez-toc-link ez-toc-heading-2\" href=\"https:\/\/beach-advisor.com\/pt-pt\/politica-de-privacidade\/#Comentarios\" >Coment\u00e1rios<\/a><\/li><li class='ez-toc-page-1 ez-toc-heading-level-2'><a class=\"ez-toc-link ez-toc-heading-3\" href=\"https:\/\/beach-advisor.com\/pt-pt\/politica-de-privacidade\/#Meios_de_comunicacao\" >Meios de comunica\u00e7\u00e3o<\/a><\/li><li class='ez-toc-page-1 ez-toc-heading-level-2'><a class=\"ez-toc-link ez-toc-heading-4\" href=\"https:\/\/beach-advisor.com\/pt-pt\/politica-de-privacidade\/#Biscoitos\" >Biscoitos<\/a><\/li><li class='ez-toc-page-1 ez-toc-heading-level-2'><a class=\"ez-toc-link ez-toc-heading-5\" href=\"https:\/\/beach-advisor.com\/pt-pt\/politica-de-privacidade\/#Conteudos_incorporados_de_outros_websites\" >Conte\u00fados incorporados de outros websites<\/a><\/li><li class='ez-toc-page-1 ez-toc-heading-level-2'><a class=\"ez-toc-link ez-toc-heading-6\" href=\"https:\/\/beach-advisor.com\/pt-pt\/politica-de-privacidade\/#Com_quem_partilhamos_os_seus_dados\" >Com quem partilhamos os seus dados<\/a><\/li><li class='ez-toc-page-1 ez-toc-heading-level-2'><a class=\"ez-toc-link ez-toc-heading-7\" href=\"https:\/\/beach-advisor.com\/pt-pt\/politica-de-privacidade\/#Quanto_tempo_retemos_os_seus_dados\" >Quanto tempo retemos os seus dados<\/a><\/li><li class='ez-toc-page-1 ez-toc-heading-level-2'><a class=\"ez-toc-link ez-toc-heading-8\" href=\"https:\/\/beach-advisor.com\/pt-pt\/politica-de-privacidade\/#Que_direitos_tem_sobre_os_seus_dados\" >Que direitos tem sobre os seus dados<\/a><\/li><li class='ez-toc-page-1 ez-toc-heading-level-2'><a class=\"ez-toc-link ez-toc-heading-9\" href=\"https:\/\/beach-advisor.com\/pt-pt\/politica-de-privacidade\/#Para_onde_sao_enviados_os_seus_dados\" >Para onde s\u00e3o enviados os seus dados<\/a><\/li><\/ul><\/nav><\/div>\n<h2 class=\"wp-block-heading\"><span class=\"ez-toc-section\" id=\"Quem_somos_nos\"><\/span>Quem somos n\u00f3s<span class=\"ez-toc-section-end\"><\/span><\/h2>\n\n<p>O endere\u00e7o do nosso website \u00e9: https:\/\/beach-advisor.com.<\/p>\n\n<h2 class=\"wp-block-heading\"><span class=\"ez-toc-section\" id=\"Comentarios\"><\/span>Coment\u00e1rios<span class=\"ez-toc-section-end\"><\/span><\/h2>\n\n<p>Quando os visitantes deixam coment\u00e1rios no site, recolhemos os dados mostrados no formul\u00e1rio de coment\u00e1rios, e tamb\u00e9m o endere\u00e7o IP do visitante e a cadeia de agentes de utilizadores do navegador para ajudar na detec\u00e7\u00e3o de spam.<\/p>\n\n<p>Uma cadeia an\u00f3nima criada a partir do seu endere\u00e7o de correio electr\u00f3nico (tamb\u00e9m chamada hash) pode ser fornecida ao servi\u00e7o Gravatar para ver se a est\u00e1 a utilizar. A pol\u00edtica de privacidade do servi\u00e7o Gravatar est\u00e1 dispon\u00edvel aqui: https:\/\/automattic.com\/privacy\/. Ap\u00f3s aprova\u00e7\u00e3o do seu coment\u00e1rio, a imagem do seu perfil \u00e9 vis\u00edvel ao p\u00fablico no contexto do seu coment\u00e1rio.<\/p>\n\n<h2 class=\"wp-block-heading\"><span class=\"ez-toc-section\" id=\"Meios_de_comunicacao\"><\/span>Meios de comunica\u00e7\u00e3o<span class=\"ez-toc-section-end\"><\/span><\/h2>\n\n<p>Se carregar imagens para o s\u00edtio web, deve evitar carregar imagens com dados de localiza\u00e7\u00e3o incorporados (EXIF GPS) inclu\u00eddos. Os visitantes do s\u00edtio web podem descarregar e extrair quaisquer dados de localiza\u00e7\u00e3o a partir de imagens do s\u00edtio web.<\/p>\n\n<h2 class=\"wp-block-heading\"><span class=\"ez-toc-section\" id=\"Biscoitos\"><\/span>Biscoitos<span class=\"ez-toc-section-end\"><\/span><\/h2>\n\n<p>Se deixar um coment\u00e1rio no nosso site, poder\u00e1 optar por guardar o seu nome, endere\u00e7o de correio electr\u00f3nico e website em cookies. Estes s\u00e3o para sua conveni\u00eancia, para que n\u00e3o tenha de preencher novamente os seus dados quando deixar outro coment\u00e1rio. Estes biscoitos durar\u00e3o um ano.<\/p>\n\n<p>Se visitar a nossa p\u00e1gina de in\u00edcio de sess\u00e3o, iremos definir um cookie tempor\u00e1rio para determinar se o seu navegador aceita cookies. Este cookie n\u00e3o cont\u00e9m dados pessoais e \u00e9 descartado quando fecha o seu navegador.<\/p>\n\n<p>Quando iniciar sess\u00e3o, configuraremos tamb\u00e9m v\u00e1rios cookies para guardar as suas informa\u00e7\u00f5es de in\u00edcio de sess\u00e3o e as suas op\u00e7\u00f5es de exibi\u00e7\u00e3o no ecr\u00e3. Os cookies de in\u00edcio de sess\u00e3o duram dois dias, e os cookies de op\u00e7\u00f5es de ecr\u00e3 duram um ano. Se seleccionar &#8220;Lembrar-me&#8221;, o seu login ir\u00e1 persistir durante duas semanas. Se sair da sua conta, os cookies de in\u00edcio de sess\u00e3o ser\u00e3o removidos.<\/p>\n\n<p>Se editar ou publicar um artigo, um cookie adicional ser\u00e1 guardado no seu navegador. Este cookie n\u00e3o inclui dados pessoais e indica simplesmente a identifica\u00e7\u00e3o postal do artigo que acabou de editar. Expira ao fim de 1 dia.<\/p>\n\n<h2 class=\"wp-block-heading\"><span class=\"ez-toc-section\" id=\"Conteudos_incorporados_de_outros_websites\"><\/span>Conte\u00fados incorporados de outros websites<span class=\"ez-toc-section-end\"><\/span><\/h2>\n\n<p>Os artigos deste s\u00edtio podem incluir conte\u00fado incorporado (por exemplo, v\u00eddeos, imagens, artigos, etc.). O conte\u00fado incorporado de outros websites comporta-se exactamente da mesma forma como se o visitante tivesse visitado o outro website.<\/p>\n\n<p>Estes websites podem recolher dados sobre si, utilizar cookies, incorporar rastreio adicional de terceiros, e monitorizar a sua interac\u00e7\u00e3o com esse conte\u00fado incorporado, incluindo o rastreio da sua interac\u00e7\u00e3o com o conte\u00fado incorporado, caso tenha uma conta e esteja ligado a esse website.<\/p>\n\n<h2 class=\"wp-block-heading\"><span class=\"ez-toc-section\" id=\"Com_quem_partilhamos_os_seus_dados\"><\/span>Com quem partilhamos os seus dados<span class=\"ez-toc-section-end\"><\/span><\/h2>\n\n<p>Se solicitar uma redefini\u00e7\u00e3o de senha, o seu endere\u00e7o IP ser\u00e1 inclu\u00eddo no e-mail de redefini\u00e7\u00e3o.<\/p>\n\n<h2 class=\"wp-block-heading\"><span class=\"ez-toc-section\" id=\"Quanto_tempo_retemos_os_seus_dados\"><\/span>Quanto tempo retemos os seus dados<span class=\"ez-toc-section-end\"><\/span><\/h2>\n\n<p>Se deixar um coment\u00e1rio, o coment\u00e1rio e os seus metadados s\u00e3o retidos indefinidamente. Isto \u00e9 para que possamos reconhecer e aprovar automaticamente quaisquer coment\u00e1rios de seguimento em vez de os mantermos numa fila de modera\u00e7\u00e3o.<\/p>\n\n<p>Para os utilizadores que se registam no nosso website (caso existam), tamb\u00e9m armazenamos as informa\u00e7\u00f5es pessoais que fornecem no seu perfil de utilizador. Todos os utilizadores podem ver, editar, ou apagar as suas informa\u00e7\u00f5es pessoais em qualquer altura (excepto que n\u00e3o podem alterar o seu nome de utilizador). Os administradores do website tamb\u00e9m podem ver e editar essa informa\u00e7\u00e3o.<\/p>\n\n<h2 class=\"wp-block-heading\"><span class=\"ez-toc-section\" id=\"Que_direitos_tem_sobre_os_seus_dados\"><\/span>Que direitos tem sobre os seus dados<span class=\"ez-toc-section-end\"><\/span><\/h2>\n\n<p>Se tiver uma conta neste site, ou se tiver deixado coment\u00e1rios, pode solicitar a recep\u00e7\u00e3o de um ficheiro exportado dos dados pessoais que temos sobre si, incluindo quaisquer dados que nos tenha fornecido. Pode tamb\u00e9m solicitar que apaguemos quaisquer dados pessoais que tenhamos sobre si. Isto n\u00e3o inclui quaisquer dados que sejamos obrigados a manter para fins administrativos, legais, ou de seguran\u00e7a.<\/p>\n\n<h2 class=\"wp-block-heading\"><span class=\"ez-toc-section\" id=\"Para_onde_sao_enviados_os_seus_dados\"><\/span>Para onde s\u00e3o enviados os seus dados<span class=\"ez-toc-section-end\"><\/span><\/h2>\n\n<p>Os coment\u00e1rios dos visitantes podem ser verificados atrav\u00e9s de um servi\u00e7o autom\u00e1tico de detec\u00e7\u00e3o de spam.<\/p>\n","protected":false},"excerpt":{"rendered":"<p>Quem somos n\u00f3s O endere\u00e7o do nosso website \u00e9: https:\/\/beach-advisor.com. Coment\u00e1rios Quando os visitantes deixam coment\u00e1rios no site, recolhemos os dados mostrados no formul\u00e1rio de coment\u00e1rios, e tamb\u00e9m o endere\u00e7o IP do visitante e a cadeia de agentes de utilizadores do navegador para ajudar na detec\u00e7\u00e3o de spam. Uma cadeia an\u00f3nima criada a partir do [&hellip;]<\/p>\n","protected":false},"author":1,"featured_media":0,"parent":0,"menu_order":0,"comment_status":"closed","ping_status":"open","template":"","meta":{"footnotes":""},"class_list":["post-8516","page","type-page","status-publish","hentry"],"_links":{"self":[{"href":"https:\/\/beach-advisor.com\/pt-pt\/wp-json\/wp\/v2\/pages\/8516","targetHints":{"allow":["GET"]}}],"collection":[{"href":"https:\/\/beach-advisor.com\/pt-pt\/wp-json\/wp\/v2\/pages"}],"about":[{"href":"https:\/\/beach-advisor.com\/pt-pt\/wp-json\/wp\/v2\/types\/page"}],"author":[{"embeddable":true,"href":"https:\/\/beach-advisor.com\/pt-pt\/wp-json\/wp\/v2\/users\/1"}],"replies":[{"embeddable":true,"href":"https:\/\/beach-advisor.com\/pt-pt\/wp-json\/wp\/v2\/comments?post=8516"}],"version-history":[{"count":1,"href":"https:\/\/beach-advisor.com\/pt-pt\/wp-json\/wp\/v2\/pages\/8516\/revisions"}],"predecessor-version":[{"id":8522,"href":"https:\/\/beach-advisor.com\/pt-pt\/wp-json\/wp\/v2\/pages\/8516\/revisions\/8522"}],"wp:attachment":[{"href":"https:\/\/beach-advisor.com\/pt-pt\/wp-json\/wp\/v2\/media?parent=8516"}],"curies":[{"name":"wp","href":"https:\/\/api.w.org\/{rel}","templated":true}]}}