{"id":8578,"date":"2022-12-29T16:51:57","date_gmt":"2022-12-29T16:51:57","guid":{"rendered":"https:\/\/beach-advisor.com\/sobre-o-beach-advisor\/"},"modified":"2023-03-16T15:12:25","modified_gmt":"2023-03-16T15:12:25","slug":"sobre-o-beach-advisor","status":"publish","type":"page","link":"https:\/\/beach-advisor.com\/pt-pt\/sobre-o-beach-advisor\/","title":{"rendered":"Sobre o Beach Advisor"},"content":{"rendered":"\n<p>Ol\u00e1 e bem-vindo ao The Beach Advisor. Somos uma equipa apaixonada de amantes da praia que se dedicam a ajud\u00e1-lo a encontrar a sua praia perfeita, e adoramos partilhar as nossas dicas sobre tudo, desde os melhores lugares para ficar e comer nas costas da Esc\u00f3cia, Austr\u00e1lia e resto do mundo, at\u00e9 ao que deve levar para a sua viagem.<\/p>\n\n<p>Esperamos que goste de navegar pelo nosso site e descobrir alguns novos destinos excitantes para visitar com os seus amigos ou fam\u00edlia!<\/p>\n\n<div id=\"ez-toc-container\" class=\"ez-toc-v2_0_76 counter-hierarchy ez-toc-counter ez-toc-grey ez-toc-container-direction\">\n<div class=\"ez-toc-title-container\">\n<p class=\"ez-toc-title\" style=\"cursor:inherit\">Table of Contents<\/p>\n<span class=\"ez-toc-title-toggle\"><a href=\"#\" class=\"ez-toc-pull-right ez-toc-btn ez-toc-btn-xs ez-toc-btn-default ez-toc-toggle\" aria-label=\"Toggle Table of Content\"><span class=\"ez-toc-js-icon-con\"><span class=\"\"><span class=\"eztoc-hide\" style=\"display:none;\">Toggle<\/span><span class=\"ez-toc-icon-toggle-span\"><svg style=\"fill: #999;color:#999\" xmlns=\"http:\/\/www.w3.org\/2000\/svg\" class=\"list-377408\" width=\"20px\" height=\"20px\" viewBox=\"0 0 24 24\" fill=\"none\"><path d=\"M6 6H4v2h2V6zm14 0H8v2h12V6zM4 11h2v2H4v-2zm16 0H8v2h12v-2zM4 16h2v2H4v-2zm16 0H8v2h12v-2z\" fill=\"currentColor\"><\/path><\/svg><svg style=\"fill: #999;color:#999\" class=\"arrow-unsorted-368013\" xmlns=\"http:\/\/www.w3.org\/2000\/svg\" width=\"10px\" height=\"10px\" viewBox=\"0 0 24 24\" version=\"1.2\" baseProfile=\"tiny\"><path d=\"M18.2 9.3l-6.2-6.3-6.2 6.3c-.2.2-.3.4-.3.7s.1.5.3.7c.2.2.4.3.7.3h11c.3 0 .5-.1.7-.3.2-.2.3-.5.3-.7s-.1-.5-.3-.7zM5.8 14.7l6.2 6.3 6.2-6.3c.2-.2.3-.5.3-.7s-.1-.5-.3-.7c-.2-.2-.4-.3-.7-.3h-11c-.3 0-.5.1-.7.3-.2.2-.3.5-.3.7s.1.5.3.7z\"\/><\/svg><\/span><\/span><\/span><\/a><\/span><\/div>\n<nav><ul class='ez-toc-list ez-toc-list-level-1 eztoc-toggle-hide-by-default' ><li class='ez-toc-page-1 ez-toc-heading-level-2'><a class=\"ez-toc-link ez-toc-heading-1\" href=\"https:\/\/beach-advisor.com\/pt-pt\/sobre-o-beach-advisor\/#O_que_e_conselheiro_de_praia\" >O que \u00e9 conselheiro de praia<\/a><\/li><li class='ez-toc-page-1 ez-toc-heading-level-2'><a class=\"ez-toc-link ez-toc-heading-2\" href=\"https:\/\/beach-advisor.com\/pt-pt\/sobre-o-beach-advisor\/#Sobre_o_conselheiro_de_praia\" >Sobre o conselheiro de praia<\/a><\/li><li class='ez-toc-page-1 ez-toc-heading-level-2'><a class=\"ez-toc-link ez-toc-heading-3\" href=\"https:\/\/beach-advisor.com\/pt-pt\/sobre-o-beach-advisor\/#Sobre\" >Sobre<\/a><\/li><li class='ez-toc-page-1 ez-toc-heading-level-2'><a class=\"ez-toc-link ez-toc-heading-4\" href=\"https:\/\/beach-advisor.com\/pt-pt\/sobre-o-beach-advisor\/#O_guia_da_praia_e_um_directorio_de_praias\" >O guia da praia \u00e9 um direct\u00f3rio de praias.<\/a><\/li><li class='ez-toc-page-1 ez-toc-heading-level-2'><a class=\"ez-toc-link ez-toc-heading-5\" href=\"https:\/\/beach-advisor.com\/pt-pt\/sobre-o-beach-advisor\/#Conheca_a_equipa\" >Conhe\u00e7a a equipa<\/a><\/li><li class='ez-toc-page-1 ez-toc-heading-level-2'><a class=\"ez-toc-link ez-toc-heading-6\" href=\"https:\/\/beach-advisor.com\/pt-pt\/sobre-o-beach-advisor\/#Ha_algumas_pessoas_por_detras_disto\" >H\u00e1 algumas pessoas por detr\u00e1s disto.<\/a><\/li><\/ul><\/nav><\/div>\n<h2 class=\"wp-block-heading\"><span class=\"ez-toc-section\" id=\"O_que_e_conselheiro_de_praia\"><\/span>O que \u00e9 conselheiro de praia<span class=\"ez-toc-section-end\"><\/span><\/h2>\n\n<ul class=\"wp-block-list\">\n<li>O conselheiro de praia \u00e9 um direct\u00f3rio de praias.<\/li>\n\n\n\n<li>O conselheiro de praia \u00e9 um website.<\/li>\n\n\n\n<li>O conselheiro de praia \u00e9 uma plataforma, fornecendo informa\u00e7\u00e3o gratuita ao p\u00fablico e \u00e0s empresas, ligando-os uns aos outros, bem como partilhando as nossas pr\u00f3prias experi\u00eancias na praia.<\/li>\n\n\n\n<li>O conselheiro de praia \u00e9 tamb\u00e9m uma comunidade onde as pessoas se podem juntar e partilhar a sua paix\u00e3o pela praia num ambiente seguro e amig\u00e1vel!<\/li>\n<\/ul>\n\n<h2 class=\"wp-block-heading\"><span class=\"ez-toc-section\" id=\"Sobre_o_conselheiro_de_praia\"><\/span>Sobre o conselheiro de praia<span class=\"ez-toc-section-end\"><\/span><\/h2>\n\n<p>Este website \u00e9 um conselheiro para as praias de todo o mundo. Descreve e classifica as melhores praias, desde o oceano \u00cdndico at\u00e9 aos mares do Mar Egeu.<\/p>\n\n<p>Cada praia tem a sua pr\u00f3pria p\u00e1gina de perfil, com imagens, descri\u00e7\u00e3o e links para mapas.<\/p>\n\n<p>Este site foi criado por dois amigos que adoram passar tempo na praia.<\/p>\n\n<h2 class=\"wp-block-heading\"><span class=\"ez-toc-section\" id=\"Sobre\"><\/span>Sobre<span class=\"ez-toc-section-end\"><\/span><\/h2>\n\n<p>N\u00f3s somos o Conselheiro de Praia! Somos um grupo de entusiastas de viagens que adoram explorar novos lugares, e tivemos a sorte de ter visitado mais de 60 pa\u00edses em todo o mundo. Estamos sempre \u00e0 ca\u00e7a de novas praias e ilhas para visitar, por isso, encontrar-nos-\u00e3o a fazer caminhadas pelas florestas tropicais, a escalar montanhas e a procurar lagoas escondidas.<\/p>\n\n<p>Cri\u00e1mos este website como uma forma de partilhar as nossas experi\u00eancias com os outros &#8211; qualquer pessoa que goste tanto de viajar como n\u00f3s! Portanto, se quiser dicas sobre onde ir ou conselhos sobre o que vale a pena ver l\u00e1; se precisar de recomenda\u00e7\u00f5es para alojamento ou restaurantes; se quiser alguma inspira\u00e7\u00e3o para onde no mundo as suas pr\u00f3ximas f\u00e9rias devem ser&#8230; ent\u00e3o n\u00e3o procure mais do que o Beach Guide!<\/p>\n\n<p>Esperamos que este site ajude a inspirar as pessoas em todo o lado que est\u00e3o a planear a sua pr\u00f3xima aventura (e n\u00e3o se esque\u00e7am: cada viagem come\u00e7a com um passo).<\/p>\n\n<h2 class=\"wp-block-heading\"><span class=\"ez-toc-section\" id=\"O_guia_da_praia_e_um_directorio_de_praias\"><\/span>O guia da praia \u00e9 um direct\u00f3rio de praias.<span class=\"ez-toc-section-end\"><\/span><\/h2>\n\n<ul class=\"wp-block-list\">\n<li>O seu guia de praia \u00e9 um direct\u00f3rio de praias, pelo que pode encontrar praias por pa\u00eds, regi\u00e3o, cidade, ou nome de praia.<\/li>\n\n\n\n<li>Depois de ter seleccionado uma categoria e localiza\u00e7\u00e3o, mostrar\u00e1 todas as praias dentro dessa \u00e1rea.<\/li>\n\n\n\n<li>Pode tamb\u00e9m procurar praias espec\u00edficas usando palavras-chave como &#8220;arenoso&#8221; ou &#8220;surf&#8221;.<\/li>\n<\/ul>\n\n<h2 class=\"wp-block-heading\"><span class=\"ez-toc-section\" id=\"Conheca_a_equipa\"><\/span>Conhe\u00e7a a equipa<span class=\"ez-toc-section-end\"><\/span><\/h2>\n\n<p>A equipa da Beach Guide \u00e9 constitu\u00edda por amantes apaixonados da praia. Temos uma profunda compreens\u00e3o do que o p\u00fablico quer, e a nossa miss\u00e3o \u00e9 fornecer a melhor informa\u00e7\u00e3o de praia para o ajudar a passar um momento inesquec\u00edvel na praia.<\/p>\n\n<p>Se estiver interessado em saber mais sobre n\u00f3s, sinta-se \u00e0 vontade para ler a nossa bios abaixo!<\/p>\n\n<ul class=\"wp-block-list\">\n<li><a href=\"https:\/\/beach-advisor.com\/author\/malonioutlook-com\/\" data-type=\"URL\" data-id=\"https:\/\/beach-advisor.com\/author\/malonioutlook-com\/\">Robert<\/a>come\u00e7ou a trabalhar com praias quando era jovem, uma vez que cresceu perto delas. Ela nunca pensou que um dia estaria a escrever sobre eles!<\/li>\n\n\n\n<li>Cheryl sempre teve uma paix\u00e3o pelas praias e adorou visit\u00e1-las quando era crian\u00e7a. Agora gosta do seu trabalho, ajudando outros a encontrar o seu lugar perfeito para passar o tempo junto ao oceano ou lago!<\/li>\n<\/ul>\n\n<h2 class=\"wp-block-heading\"><span class=\"ez-toc-section\" id=\"Ha_algumas_pessoas_por_detras_disto\"><\/span>H\u00e1 algumas pessoas por detr\u00e1s disto.<span class=\"ez-toc-section-end\"><\/span><\/h2>\n\n<p>Este \u00e9 um projecto comunit\u00e1rio. Somos um grupo de pessoas de todo o mundo a trabalhar neste conselheiro no seu tempo livre.<\/p>\n\n<p>N\u00e3o existe um chefe de equipa, ou algo do g\u00e9nero. Todos n\u00f3s s\u00f3 queremos ver este projecto ganhar vida e ser \u00fatil para os frequentadores da praia em todo o lado!<\/p>\n\n<p>Se tiver alguma sugest\u00e3o ou feedback, sinta-se \u00e0 vontade para o deixar na sec\u00e7\u00e3o de coment\u00e1rios abaixo!<\/p>\n\n<p><strong>Conclus\u00e3o<\/strong><\/p>\n\n<p>O conselheiro de praia \u00e9 um direct\u00f3rio de praias. H\u00e1 tamb\u00e9m algumas pessoas por detr\u00e1s disto!<\/p>\n","protected":false},"excerpt":{"rendered":"<p>Ol\u00e1 e bem-vindo ao The Beach Advisor. Somos uma equipa apaixonada de amantes da praia que se dedicam a ajud\u00e1-lo a encontrar a sua praia perfeita, e adoramos partilhar as nossas dicas sobre tudo, desde os melhores lugares para ficar e comer nas costas da Esc\u00f3cia, Austr\u00e1lia e resto do mundo, at\u00e9 ao que deve [&hellip;]<\/p>\n","protected":false},"author":1,"featured_media":0,"parent":0,"menu_order":0,"comment_status":"closed","ping_status":"closed","template":"","meta":{"footnotes":""},"class_list":["post-8578","page","type-page","status-publish","hentry"],"_links":{"self":[{"href":"https:\/\/beach-advisor.com\/pt-pt\/wp-json\/wp\/v2\/pages\/8578","targetHints":{"allow":["GET"]}}],"collection":[{"href":"https:\/\/beach-advisor.com\/pt-pt\/wp-json\/wp\/v2\/pages"}],"about":[{"href":"https:\/\/beach-advisor.com\/pt-pt\/wp-json\/wp\/v2\/types\/page"}],"author":[{"embeddable":true,"href":"https:\/\/beach-advisor.com\/pt-pt\/wp-json\/wp\/v2\/users\/1"}],"replies":[{"embeddable":true,"href":"https:\/\/beach-advisor.com\/pt-pt\/wp-json\/wp\/v2\/comments?post=8578"}],"version-history":[{"count":3,"href":"https:\/\/beach-advisor.com\/pt-pt\/wp-json\/wp\/v2\/pages\/8578\/revisions"}],"predecessor-version":[{"id":8595,"href":"https:\/\/beach-advisor.com\/pt-pt\/wp-json\/wp\/v2\/pages\/8578\/revisions\/8595"}],"wp:attachment":[{"href":"https:\/\/beach-advisor.com\/pt-pt\/wp-json\/wp\/v2\/media?parent=8578"}],"curies":[{"name":"wp","href":"https:\/\/api.w.org\/{rel}","templated":true}]}}