{"id":8586,"date":"2022-12-29T16:51:57","date_gmt":"2022-12-29T16:51:57","guid":{"rendered":"https:\/\/beach-advisor.com\/beach-advisor-hakkinda\/"},"modified":"2023-03-16T15:13:10","modified_gmt":"2023-03-16T15:13:10","slug":"beach-advisor-hakkinda","status":"publish","type":"page","link":"https:\/\/beach-advisor.com\/tr\/beach-advisor-hakkinda\/","title":{"rendered":"Beach Advisor Hakk\u0131nda"},"content":{"rendered":"\n<p>Merhaba ve The Beach Advisor&#8217;a ho\u015f geldiniz. Kendini m\u00fckemmel plaj\u0131n\u0131z\u0131 bulman\u0131za yard\u0131mc\u0131 olmaya adam\u0131\u015f tutkulu bir plaj severler ekibiyiz ve \u0130sko\u00e7ya, Avustralya ve d\u00fcnyan\u0131n geri kalan\u0131ndaki k\u0131y\u0131 \u015feridinde kal\u0131nacak ve yemek yenecek en iyi yerlerden seyahatiniz i\u00e7in yan\u0131n\u0131za alman\u0131z gerekenlere kadar her konuda ipu\u00e7lar\u0131m\u0131z\u0131 payla\u015fmay\u0131 seviyoruz.<\/p>\n\n<p>Sitemizde gezinmekten keyif alaca\u011f\u0131n\u0131z\u0131 ve arkada\u015flar\u0131n\u0131zla veya ailenizle ziyaret edebilece\u011finiz heyecan verici yeni yerler ke\u015ffedece\u011finizi umuyoruz!<\/p>\n\n<div id=\"ez-toc-container\" class=\"ez-toc-v2_0_76 counter-hierarchy ez-toc-counter ez-toc-grey ez-toc-container-direction\">\n<div class=\"ez-toc-title-container\">\n<p class=\"ez-toc-title\" style=\"cursor:inherit\">Table of Contents<\/p>\n<span class=\"ez-toc-title-toggle\"><a href=\"#\" class=\"ez-toc-pull-right ez-toc-btn ez-toc-btn-xs ez-toc-btn-default ez-toc-toggle\" aria-label=\"Toggle Table of Content\"><span class=\"ez-toc-js-icon-con\"><span class=\"\"><span class=\"eztoc-hide\" style=\"display:none;\">Toggle<\/span><span class=\"ez-toc-icon-toggle-span\"><svg style=\"fill: #999;color:#999\" xmlns=\"http:\/\/www.w3.org\/2000\/svg\" class=\"list-377408\" width=\"20px\" height=\"20px\" viewBox=\"0 0 24 24\" fill=\"none\"><path d=\"M6 6H4v2h2V6zm14 0H8v2h12V6zM4 11h2v2H4v-2zm16 0H8v2h12v-2zM4 16h2v2H4v-2zm16 0H8v2h12v-2z\" fill=\"currentColor\"><\/path><\/svg><svg style=\"fill: #999;color:#999\" class=\"arrow-unsorted-368013\" xmlns=\"http:\/\/www.w3.org\/2000\/svg\" width=\"10px\" height=\"10px\" viewBox=\"0 0 24 24\" version=\"1.2\" baseProfile=\"tiny\"><path d=\"M18.2 9.3l-6.2-6.3-6.2 6.3c-.2.2-.3.4-.3.7s.1.5.3.7c.2.2.4.3.7.3h11c.3 0 .5-.1.7-.3.2-.2.3-.5.3-.7s-.1-.5-.3-.7zM5.8 14.7l6.2 6.3 6.2-6.3c.2-.2.3-.5.3-.7s-.1-.5-.3-.7c-.2-.2-.4-.3-.7-.3h-11c-.3 0-.5.1-.7.3-.2.2-.3.5-.3.7s.1.5.3.7z\"\/><\/svg><\/span><\/span><\/span><\/a><\/span><\/div>\n<nav><ul class='ez-toc-list ez-toc-list-level-1 eztoc-toggle-hide-by-default' ><li class='ez-toc-page-1 ez-toc-heading-level-2'><a class=\"ez-toc-link ez-toc-heading-1\" href=\"https:\/\/beach-advisor.com\/tr\/beach-advisor-hakkinda\/#Plaj_danismani_nedir\" >Plaj dan\u0131\u015fman\u0131 nedir<\/a><\/li><li class='ez-toc-page-1 ez-toc-heading-level-2'><a class=\"ez-toc-link ez-toc-heading-2\" href=\"https:\/\/beach-advisor.com\/tr\/beach-advisor-hakkinda\/#Plaj_danismani_hakkinda\" >Plaj dan\u0131\u015fman\u0131 hakk\u0131nda<\/a><\/li><li class='ez-toc-page-1 ez-toc-heading-level-2'><a class=\"ez-toc-link ez-toc-heading-3\" href=\"https:\/\/beach-advisor.com\/tr\/beach-advisor-hakkinda\/#Hakkinda\" >Hakk\u0131nda<\/a><\/li><li class='ez-toc-page-1 ez-toc-heading-level-2'><a class=\"ez-toc-link ez-toc-heading-4\" href=\"https:\/\/beach-advisor.com\/tr\/beach-advisor-hakkinda\/#Plaj_rehberi_plajlarin_bir_rehberidir\" >Plaj rehberi, plajlar\u0131n bir rehberidir.<\/a><\/li><li class='ez-toc-page-1 ez-toc-heading-level-2'><a class=\"ez-toc-link ez-toc-heading-5\" href=\"https:\/\/beach-advisor.com\/tr\/beach-advisor-hakkinda\/#Ekip_ile_tanisin\" >Ekip ile tan\u0131\u015f\u0131n<\/a><\/li><li class='ez-toc-page-1 ez-toc-heading-level-2'><a class=\"ez-toc-link ez-toc-heading-6\" href=\"https:\/\/beach-advisor.com\/tr\/beach-advisor-hakkinda\/#Bunun_arkasinda_bazi_insanlar_var\" >Bunun arkas\u0131nda baz\u0131 insanlar var.<\/a><\/li><\/ul><\/nav><\/div>\n<h2 class=\"wp-block-heading\"><span class=\"ez-toc-section\" id=\"Plaj_danismani_nedir\"><\/span>Plaj dan\u0131\u015fman\u0131 nedir<span class=\"ez-toc-section-end\"><\/span><\/h2>\n\n<ul class=\"wp-block-list\">\n<li>Plaj dan\u0131\u015fman\u0131 plajlar\u0131n bir rehberidir.<\/li>\n\n\n\n<li>Plaj dan\u0131\u015fman\u0131 bir web sitesidir.<\/li>\n\n\n\n<li>Beach advisor, halka ve i\u015fletmelere birbirleriyle ba\u011flant\u0131 kurarak \u00fccretsiz bilgi sa\u011flayan ve plajdaki kendi deneyimlerimizi payla\u015fan bir platformdur.<\/li>\n\n\n\n<li>Beach advisor ayn\u0131 zamanda insanlar\u0131n bir araya gelip g\u00fcvenli ve dostane bir ortamda plaj tutkular\u0131n\u0131 payla\u015fabilecekleri bir topluluktur!<\/li>\n<\/ul>\n\n<h2 class=\"wp-block-heading\"><span class=\"ez-toc-section\" id=\"Plaj_danismani_hakkinda\"><\/span>Plaj dan\u0131\u015fman\u0131 hakk\u0131nda<span class=\"ez-toc-section-end\"><\/span><\/h2>\n\n<p>Bu web sitesi d\u00fcnyan\u0131n d\u00f6rt bir yan\u0131ndaki plajlar i\u00e7in bir dan\u0131\u015fman niteli\u011findedir. Hint okyanusundan Ege denizlerine kadar en iyi plajlar\u0131 tan\u0131mlar ve derecelendirir.<\/p>\n\n<p>Her plaj\u0131n resim, a\u00e7\u0131klama ve harita ba\u011flant\u0131lar\u0131 i\u00e7eren kendi profil sayfas\u0131 vard\u0131r.<\/p>\n\n<p>Bu site, plajda vakit ge\u00e7irmeyi seven iki arkada\u015f taraf\u0131ndan olu\u015fturuldu.<\/p>\n\n<h2 class=\"wp-block-heading\"><span class=\"ez-toc-section\" id=\"Hakkinda\"><\/span>Hakk\u0131nda<span class=\"ez-toc-section-end\"><\/span><\/h2>\n\n<p>Biz Plaj Dan\u0131\u015fman\u0131y\u0131z! Yeni yerler ke\u015ffetmeyi seven bir grup seyahat tutkunuyuz ve d\u00fcnya \u00e7ap\u0131nda 60&#8217;tan fazla \u00fclkeyi ziyaret edecek kadar \u015fansl\u0131y\u0131z. Her zaman ziyaret edilecek yeni plajlar ve adalar aray\u0131\u015f\u0131nday\u0131z, bu nedenle bizi ya\u011fmur ormanlar\u0131nda y\u00fcr\u00fcy\u00fc\u015f yaparken, da\u011flara t\u0131rman\u0131rken ve gizli lag\u00fcnleri ararken bulabilirsiniz.<\/p>\n\n<p>Bu web sitesini, deneyimlerimizi ba\u015fkalar\u0131yla &#8211; seyahat etmeyi bizim kadar seven herkesle &#8211; payla\u015fman\u0131n bir yolu olarak olu\u015fturduk! Nereye gidece\u011finize dair ipu\u00e7lar\u0131 veya orada g\u00f6r\u00fclmeye de\u011fer yerler hakk\u0131nda tavsiyeler istiyorsan\u0131z; konaklama veya restoran \u00f6nerilerine ihtiyac\u0131n\u0131z varsa; bir sonraki tatilinizin d\u00fcnyan\u0131n neresinde olmas\u0131 gerekti\u011fine dair biraz ilham almak istiyorsan\u0131z&#8230; o zaman Beach Guide&#8217;dan ba\u015fkas\u0131na bakmay\u0131n!<\/p>\n\n<p>Bu sitenin, her yerde bir sonraki maceras\u0131n\u0131 planlayan insanlara ilham vermesini umuyoruz (ve unutmay\u0131n: her yolculuk bir ad\u0131mla ba\u015flar).<\/p>\n\n<h2 class=\"wp-block-heading\"><span class=\"ez-toc-section\" id=\"Plaj_rehberi_plajlarin_bir_rehberidir\"><\/span>Plaj rehberi, plajlar\u0131n bir rehberidir.<span class=\"ez-toc-section-end\"><\/span><\/h2>\n\n<ul class=\"wp-block-list\">\n<li>Plaj rehberiniz bir plajlar dizinidir, b\u00f6ylece plajlar\u0131 \u00fclkeye, b\u00f6lgeye, \u015fehre veya plaj ad\u0131na g\u00f6re bulabilirsiniz.<\/li>\n\n\n\n<li>Bir kategori ve konum se\u00e7tikten sonra size o b\u00f6lgedeki t\u00fcm plajlar\u0131 g\u00f6sterecektir.<\/li>\n\n\n\n<li>Ayr\u0131ca &#8220;kumlu&#8221; veya &#8220;s\u00f6rf&#8221; gibi anahtar kelimeler kullanarak belirli plajlar\u0131 da arayabilirsiniz.<\/li>\n<\/ul>\n\n<h2 class=\"wp-block-heading\"><span class=\"ez-toc-section\" id=\"Ekip_ile_tanisin\"><\/span>Ekip ile tan\u0131\u015f\u0131n<span class=\"ez-toc-section-end\"><\/span><\/h2>\n\n<p>Beach Guide ekibi tutkulu plaj severlerden olu\u015fmaktad\u0131r. Halk\u0131n ne istedi\u011fine dair derin bir anlay\u0131\u015fa sahibiz ve misyonumuz plajda unutulmaz bir zaman ge\u00e7irmenize yard\u0131mc\u0131 olmak i\u00e7in en iyi plaj bilgilerini sa\u011flamakt\u0131r.<\/p>\n\n<p>Hakk\u0131m\u0131zda daha fazla bilgi edinmek istiyorsan\u0131z, a\u015fa\u011f\u0131daki biyografilerimizi okumaktan \u00e7ekinmeyin!<\/p>\n\n<ul class=\"wp-block-list\">\n<li><a href=\"https:\/\/beach-advisor.com\/author\/malonioutlook-com\/\" data-type=\"URL\" data-id=\"https:\/\/beach-advisor.com\/author\/malonioutlook-com\/\">Robert<\/a>, plajlar\u0131n yak\u0131n\u0131nda b\u00fcy\u00fcd\u00fc\u011f\u00fc i\u00e7in plajlarla \u00e7al\u0131\u015fmaya gen\u00e7ken ba\u015flam\u0131\u015f. Bir g\u00fcn onlar hakk\u0131nda yazaca\u011f\u0131n\u0131 hi\u00e7 d\u00fc\u015f\u00fcnmemi\u015fti!<\/li>\n\n\n\n<li>Cheryl&#8217;in her zaman plajlara kar\u015f\u0131 bir tutkusu olmu\u015f ve \u00e7ocukken plajlar\u0131 ziyaret etmeyi \u00e7ok sevmi\u015f. Art\u0131k ba\u015fkalar\u0131n\u0131n okyanus veya g\u00f6l kenar\u0131nda vakit ge\u00e7irebilecekleri m\u00fckemmel noktay\u0131 bulmalar\u0131na yard\u0131mc\u0131 olmaktan keyif al\u0131yor!<\/li>\n<\/ul>\n\n<h2 class=\"wp-block-heading\"><span class=\"ez-toc-section\" id=\"Bunun_arkasinda_bazi_insanlar_var\"><\/span>Bunun arkas\u0131nda baz\u0131 insanlar var.<span class=\"ez-toc-section-end\"><\/span><\/h2>\n\n<p>Bu bir toplum projesidir. D\u00fcnyan\u0131n d\u00f6rt bir yan\u0131ndan bo\u015f zamanlar\u0131nda bu dan\u0131\u015fman \u00fczerinde \u00e7al\u0131\u015fan bir grup insan\u0131z.<\/p>\n\n<p>Ekip lideri ya da buna benzer bir \u015fey yok. Hepimiz bu projenin hayata ge\u00e7ti\u011fini ve her yerdeki plaj m\u00fcdavimleri i\u00e7in faydal\u0131 oldu\u011funu g\u00f6rmek istiyoruz!<\/p>\n\n<p>Herhangi bir \u00f6neriniz veya geri bildiriminiz varsa, a\u015fa\u011f\u0131daki yorumlar b\u00f6l\u00fcm\u00fcne b\u0131rakmaktan \u00e7ekinmeyin!<\/p>\n\n<p><strong>Sonu\u00e7<\/strong><\/p>\n\n<p>Plaj dan\u0131\u015fman\u0131 plajlar\u0131n bir rehberidir. Bunun arkas\u0131nda da baz\u0131 insanlar var!<\/p>\n","protected":false},"excerpt":{"rendered":"<p>Merhaba ve The Beach Advisor&#8217;a ho\u015f geldiniz. Kendini m\u00fckemmel plaj\u0131n\u0131z\u0131 bulman\u0131za yard\u0131mc\u0131 olmaya adam\u0131\u015f tutkulu bir plaj severler ekibiyiz ve \u0130sko\u00e7ya, Avustralya ve d\u00fcnyan\u0131n geri kalan\u0131ndaki k\u0131y\u0131 \u015feridinde kal\u0131nacak ve yemek yenecek en iyi yerlerden seyahatiniz i\u00e7in yan\u0131n\u0131za alman\u0131z gerekenlere kadar her konuda ipu\u00e7lar\u0131m\u0131z\u0131 payla\u015fmay\u0131 seviyoruz. Sitemizde gezinmekten keyif alaca\u011f\u0131n\u0131z\u0131 ve arkada\u015flar\u0131n\u0131zla veya ailenizle ziyaret [&hellip;]<\/p>\n","protected":false},"author":1,"featured_media":0,"parent":0,"menu_order":0,"comment_status":"closed","ping_status":"closed","template":"","meta":{"footnotes":""},"class_list":["post-8586","page","type-page","status-publish","hentry"],"_links":{"self":[{"href":"https:\/\/beach-advisor.com\/tr\/wp-json\/wp\/v2\/pages\/8586","targetHints":{"allow":["GET"]}}],"collection":[{"href":"https:\/\/beach-advisor.com\/tr\/wp-json\/wp\/v2\/pages"}],"about":[{"href":"https:\/\/beach-advisor.com\/tr\/wp-json\/wp\/v2\/types\/page"}],"author":[{"embeddable":true,"href":"https:\/\/beach-advisor.com\/tr\/wp-json\/wp\/v2\/users\/1"}],"replies":[{"embeddable":true,"href":"https:\/\/beach-advisor.com\/tr\/wp-json\/wp\/v2\/comments?post=8586"}],"version-history":[{"count":3,"href":"https:\/\/beach-advisor.com\/tr\/wp-json\/wp\/v2\/pages\/8586\/revisions"}],"predecessor-version":[{"id":8725,"href":"https:\/\/beach-advisor.com\/tr\/wp-json\/wp\/v2\/pages\/8586\/revisions\/8725"}],"wp:attachment":[{"href":"https:\/\/beach-advisor.com\/tr\/wp-json\/wp\/v2\/media?parent=8586"}],"curies":[{"name":"wp","href":"https:\/\/api.w.org\/{rel}","templated":true}]}}